{"id":3261,"date":"2023-12-29T11:46:56","date_gmt":"2023-12-29T11:46:56","guid":{"rendered":"https:\/\/www.renovaturkey.com\/projects-on-sale\/element\/"},"modified":"2023-12-29T17:40:57","modified_gmt":"2023-12-29T17:40:57","slug":"element","status":"publish","type":"page","link":"https:\/\/www.renovaturkey.com\/en\/element\/","title":{"rendered":"ELEMENT II"},"content":{"rendered":"<p>[vc_row][vc_column]\t\n\t<div class=\"wprt-galleries-grid  has-bullets bullet-style-2 bullet30\" data-layout=\"slider\" data-column=\"3\" data-column2=\"3\" data-column3=\"3\" data-column4=\"3\" data-gaph=\"20\" data-gapv=\"20\">\n\t\t<div id=\"images-wrap\" class=\"cbp\">\n\t\t\t\t\t\t\t<div class=\"cbp-item\">\n                    <div class=\"item-wrap\">\n                        <a class=\"zoom\" href=\"https:\/\/www.renovaturkey.com\/wp-content\/uploads\/2023\/12\/1-1.webp\"><i class=\"fa fa-arrows-alt\"><\/i><\/a>\n                        <img src=\"https:\/\/www.renovaturkey.com\/wp-content\/uploads\/2023\/12\/1-1.webp\" alt=\"image\" \/>\n                    <\/div>\n                <\/div>\n\t\t\t\t\t\t\t<div class=\"cbp-item\">\n                    <div class=\"item-wrap\">\n                        <a class=\"zoom\" href=\"https:\/\/www.renovaturkey.com\/wp-content\/uploads\/2023\/12\/2-1.webp\"><i class=\"fa fa-arrows-alt\"><\/i><\/a>\n                        <img src=\"https:\/\/www.renovaturkey.com\/wp-content\/uploads\/2023\/12\/2-1.webp\" alt=\"image\" \/>\n                    <\/div>\n                <\/div>\n\t\t\t\t\t\t\t<div class=\"cbp-item\">\n                    <div class=\"item-wrap\">\n                        <a class=\"zoom\" href=\"https:\/\/www.renovaturkey.com\/wp-content\/uploads\/2023\/12\/3-1.webp\"><i class=\"fa fa-arrows-alt\"><\/i><\/a>\n                        <img src=\"https:\/\/www.renovaturkey.com\/wp-content\/uploads\/2023\/12\/3-1.webp\" alt=\"image\" \/>\n                    <\/div>\n                <\/div>\n\t\t\t\t\t\t\t<div class=\"cbp-item\">\n                    <div class=\"item-wrap\">\n                        <a class=\"zoom\" href=\"https:\/\/www.renovaturkey.com\/wp-content\/uploads\/2023\/12\/4.webp\"><i class=\"fa fa-arrows-alt\"><\/i><\/a>\n                        <img src=\"https:\/\/www.renovaturkey.com\/wp-content\/uploads\/2023\/12\/4.webp\" alt=\"image\" \/>\n                    <\/div>\n                <\/div>\n\t\t\t\t\t\t\t<div class=\"cbp-item\">\n                    <div class=\"item-wrap\">\n                        <a class=\"zoom\" href=\"https:\/\/www.renovaturkey.com\/wp-content\/uploads\/2023\/12\/5.webp\"><i class=\"fa fa-arrows-alt\"><\/i><\/a>\n                        <img src=\"https:\/\/www.renovaturkey.com\/wp-content\/uploads\/2023\/12\/5.webp\" alt=\"image\" \/>\n                    <\/div>\n                <\/div>\n\t\t\t\t\t\t\t<div class=\"cbp-item\">\n                    <div class=\"item-wrap\">\n                        <a class=\"zoom\" href=\"https:\/\/www.renovaturkey.com\/wp-content\/uploads\/2023\/12\/6.webp\"><i class=\"fa fa-arrows-alt\"><\/i><\/a>\n                        <img src=\"https:\/\/www.renovaturkey.com\/wp-content\/uploads\/2023\/12\/6.webp\" alt=\"image\" \/>\n                    <\/div>\n                <\/div>\n\t\t\t\t\t<\/div>\n\t<\/div>\n\n[\/vc_column][\/vc_row][vc_row css=&#8221;.vc_custom_1676888700224{margin-top: 50px !important;margin-bottom: 100px !important;}&#8221;][vc_column width=&#8221;2\/3&#8243; css=&#8221;.vc_custom_1676484358939{border-right-width: 1px !important;background-color: c6c6c630 !important;border-right-color: rgba(224,224,224,0.3) !important;border-right-style: solid !important;}&#8221;]\n    <h2 class=\"text-left margin-bottom-20\" >About The Project<\/h2>\n    \n        \t\n[vc_separator color=&#8221;custom&#8221; align=&#8221;align_left&#8221; border_width=&#8221;2&#8243; el_width=&#8221;10&#8243; accent_color=&#8221;#bfd4ee&#8221;][vc_column_text]The Element project in \u00dcmraniye Dudullu is being implemented in 3 stages. The 1st Stage of the project has been delivered, and the 2nd Stage construction processes are continuing rapidly. The delivery of the 2nd stage will take place in June 2024. The first two stage sales of the project, which has a high investment value due to its proximity to the Istanbul Financial Center, have been completed. The social facilities of the project include a pool, playground, camellias, basketball court, terrace park recreation area, hobby room, indoor car park, as well as 24\/7 security and closed circuit camera system. The project is an 8-minute walk from the Dudullu station of the \u00c7ekmek\u00f6y \u00dcsk\u00fcdar metro line and only a 5-minute walk from the Huzur station of the Bostanc\u0131 Dudullu metro line.[\/vc_column_text][\/vc_column][vc_column width=&#8221;1\/3&#8243; css=&#8221;.vc_custom_1676484370425{margin-left: 10px !important;}&#8221;][vc_empty_space height=&#8221;42px&#8221;]\n    <h4 class=\"text-left margin-bottom-20\" >Project Information<\/h4>\n    \n        \t\n[vc_column_text]<\/p>\n<ul class=\"wprt-list style-2 accent-color margin-bottom-30\">\n<li><strong>Land Area :<\/strong> 3.915 m\u00b2<\/li>\n<li><strong>Constructlon Area :<\/strong> 10.820 m\u00b2<\/li>\n<li><strong>Number of Housing :<\/strong> 2 Blok 92 Daire<\/li>\n<li><strong>Completlon Date :<\/strong> 2024 Haziran<\/li>\n<\/ul>\n<p>[\/vc_column_text][\/vc_column][\/vc_row]<\/p>\n","protected":false},"excerpt":{"rendered":"<p>[vc_row][vc_column][\/vc_column][\/vc_row][vc_row css=&#8221;.vc_custom_1676888700224{margin-top: 50px !important;margin-bottom: 100px !important;}&#8221;][vc_column width=&#8221;2\/3&#8243; css=&#8221;.vc_custom_1676484358939{border-right-width: 1px !important;background-color: c6c6c630 !important;border-right-color: rgba(224,224,224,0.3) !important;border-right-style: solid !important;}&#8221;][vc_separator color=&#8221;custom&#8221; align=&#8221;align_left&#8221; border_width=&#8221;2&#8243; el_width=&#8221;10&#8243; accent_color=&#8221;#bfd4ee&#8221;][vc_column_text]The Element project in \u00dcmraniye Dudullu is being implemented in 3 stages. The 1st Stage of the project has been delivered, and the 2nd Stage construction processes are continuing rapidly. The delivery of the 2nd [&hellip;]<\/p>\n","protected":false},"author":1,"featured_media":0,"parent":0,"menu_order":0,"comment_status":"closed","ping_status":"closed","template":"page-templates\/template-fullwidth.php","meta":[],"_links":{"self":[{"href":"https:\/\/www.renovaturkey.com\/en\/wp-json\/wp\/v2\/pages\/3261"}],"collection":[{"href":"https:\/\/www.renovaturkey.com\/en\/wp-json\/wp\/v2\/pages"}],"about":[{"href":"https:\/\/www.renovaturkey.com\/en\/wp-json\/wp\/v2\/types\/page"}],"author":[{"embeddable":true,"href":"https:\/\/www.renovaturkey.com\/en\/wp-json\/wp\/v2\/users\/1"}],"replies":[{"embeddable":true,"href":"https:\/\/www.renovaturkey.com\/en\/wp-json\/wp\/v2\/comments?post=3261"}],"version-history":[{"count":5,"href":"https:\/\/www.renovaturkey.com\/en\/wp-json\/wp\/v2\/pages\/3261\/revisions"}],"predecessor-version":[{"id":3283,"href":"https:\/\/www.renovaturkey.com\/en\/wp-json\/wp\/v2\/pages\/3261\/revisions\/3283"}],"wp:attachment":[{"href":"https:\/\/www.renovaturkey.com\/en\/wp-json\/wp\/v2\/media?parent=3261"}],"curies":[{"name":"wp","href":"https:\/\/api.w.org\/{rel}","templated":true}]}}